{"id":14041,"date":"2025-08-28T11:43:43","date_gmt":"2025-08-28T10:43:43","guid":{"rendered":"https:\/\/jaeger-polska.pl\/jakosci\/"},"modified":"2026-03-27T09:21:09","modified_gmt":"2026-03-27T08:21:09","slug":"quality-assurance-process","status":"publish","type":"page","link":"https:\/\/jaeger-polska.pl\/en\/offer\/quality-assurance-process\/","title":{"rendered":"Quality assurance process"},"content":{"rendered":"\t\t<div data-elementor-type=\"wp-page\" data-elementor-id=\"14041\" class=\"elementor elementor-14041\" data-elementor-post-type=\"page\">\n\t\t\t\t<div class=\"elementor-element elementor-element-42276efc e-flex e-con-boxed e-con e-parent\" data-id=\"42276efc\" data-element_type=\"container\" data-e-type=\"container\" data-settings=\"{&quot;background_background&quot;:&quot;classic&quot;}\">\n\t\t\t\t\t<div class=\"e-con-inner\">\n\t\t\t\t<div class=\"elementor-element elementor-element-a372280 elementor-widget__width-inherit elementor-widget elementor-widget-heading\" data-id=\"a372280\" data-element_type=\"widget\" data-e-type=\"widget\" data-widget_type=\"heading.default\">\n\t\t\t\t<div class=\"elementor-widget-container\">\n\t\t\t\t\t<h1 class=\"elementor-heading-title elementor-size-default\">Our Quality Standards<\/h1>\t\t\t\t<\/div>\n\t\t\t\t<\/div>\n\t\t\t\t\t<\/div>\n\t\t\t\t<\/div>\n\t\t<section class=\"elementor-element elementor-element-bfd3fc8 e-flex e-con-boxed e-con e-parent\" data-id=\"bfd3fc8\" data-element_type=\"container\" data-e-type=\"container\" id=\"branchen\">\n\t\t\t\t\t<div class=\"e-con-inner\">\n\t\t<div class=\"elementor-element elementor-element-4c83605d e-con-full e-flex e-con e-child\" data-id=\"4c83605d\" data-element_type=\"container\" data-e-type=\"container\">\n\t\t\t\t<div class=\"elementor-element elementor-element-2b4392f8 elementor-widget elementor-widget-text-editor\" data-id=\"2b4392f8\" data-element_type=\"widget\" data-e-type=\"widget\" data-widget_type=\"text-editor.default\">\n\t\t\t\t<div class=\"elementor-widget-container\">\n\t\t\t\t\t\t\t\t\t<p>At our company, delivering the highest standards of quality is at the heart of everything we do. This commitment is reflected at every stage of our processes and across all areas of production. We believe that responsible and independent action is built on a strong foundation of technical expertise, business acumen, and well-developed social skills.<\/p><p>Our business processes, carried out in close cooperation with customers and development partners, are guided by the principles of accountability, transparency, and continuous improvement. We place particular emphasis on effective supply chain management. A well-structured and collaborative system of supplier cooperation enables our partners to optimise their internal processes, leading to cost efficiencies throughout the entire procurement and logistics chain.<\/p><p>Our strategic suppliers undergo regular qualification procedures and audits. Many of them are also approved by our customers, further confirming their compliance with the highest quality standards.<\/p>\t\t\t\t\t\t\t\t<\/div>\n\t\t\t\t<\/div>\n\t\t\t\t<\/div>\n\t\t\t\t\t<\/div>\n\t\t\t\t<\/section>\n\t\t<section class=\"elementor-element elementor-element-201c1538 e-flex e-con-boxed e-con e-parent\" data-id=\"201c1538\" data-element_type=\"container\" data-e-type=\"container\" id=\"downloads\">\n\t\t\t\t\t<div class=\"e-con-inner\">\n\t\t<div class=\"elementor-element elementor-element-d46304 e-con-full e-flex e-con e-child\" data-id=\"d46304\" data-element_type=\"container\" data-e-type=\"container\">\n\t\t\t\t<div class=\"elementor-element elementor-element-2de494f6 elementor-widget elementor-widget-heading\" data-id=\"2de494f6\" data-element_type=\"widget\" data-e-type=\"widget\" data-widget_type=\"heading.default\">\n\t\t\t\t<div class=\"elementor-widget-container\">\n\t\t\t\t\t<h2 class=\"elementor-heading-title elementor-size-default\">Certificates<\/h2>\t\t\t\t<\/div>\n\t\t\t\t<\/div>\n\t\t\t\t<div class=\"elementor-element elementor-element-2b0270f0 elementor-widget elementor-widget-text-editor\" data-id=\"2b0270f0\" data-element_type=\"widget\" data-e-type=\"widget\" data-widget_type=\"text-editor.default\">\n\t\t\t\t<div class=\"elementor-widget-container\">\n\t\t\t\t\t\t\t\t\tWe are committed to ongoing development of both our people and our processes, with the aim of ensuring optimal performance for our customers and suppliers. To ensure this, J\u00e4ger Polska Sp\u00f3\u0142ka z o.o. has certificates:\t\t\t\t\t\t\t\t<\/div>\n\t\t\t\t<\/div>\n\t\t\t\t<\/div>\n\t\t<div class=\"elementor-element elementor-element-6dfd3ec e-grid e-con-full e-con e-child\" data-id=\"6dfd3ec\" data-element_type=\"container\" data-e-type=\"container\">\n\t\t\t\t<div class=\"elementor-element elementor-element-3f8d9d7 elementor-widget elementor-widget-image\" data-id=\"3f8d9d7\" data-element_type=\"widget\" data-e-type=\"widget\" data-widget_type=\"image.default\">\n\t\t\t\t<div class=\"elementor-widget-container\">\n\t\t\t\t\t\t\t\t\t\t\t\t\t\t\t\t<a href=\"https:\/\/jaeger-polska.pl\/wp-content\/uploads\/Certificate-DE015566_ISO-9k_EN_V2.pdf\" target=\"_blank\">\n\t\t\t\t\t\t\t<img fetchpriority=\"high\" decoding=\"async\" width=\"560\" height=\"791\" src=\"https:\/\/jaeger-polska.pl\/wp-content\/uploads\/Certificate-DE015566_ISO-9k_EN_V2-1.png\" class=\"attachment-large size-large wp-image-15881\" alt=\"\" \/>\t\t\t\t\t\t\t\t<\/a>\n\t\t\t\t\t\t\t\t\t\t\t\t\t\t\t<\/div>\n\t\t\t\t<\/div>\n\t\t\t\t<div class=\"elementor-element elementor-element-e0b4f47 elementor-widget elementor-widget-image\" data-id=\"e0b4f47\" data-element_type=\"widget\" data-e-type=\"widget\" data-widget_type=\"image.default\">\n\t\t\t\t<div class=\"elementor-widget-container\">\n\t\t\t\t\t\t\t\t\t\t\t\t\t\t\t\t<a href=\"https:\/\/jaeger-polska.pl\/wp-content\/uploads\/ISO-50001.pdf\" target=\"_blank\">\n\t\t\t\t\t\t\t<img decoding=\"async\" width=\"1280\" height=\"1810\" src=\"https:\/\/jaeger-polska.pl\/wp-content\/uploads\/ISO-50001.png\" class=\"attachment-large size-large wp-image-15879\" alt=\"\" srcset=\"https:\/\/jaeger-polska.pl\/wp-content\/uploads\/ISO-50001.png 1280w, https:\/\/jaeger-polska.pl\/wp-content\/uploads\/ISO-50001-768x1086.png 768w, https:\/\/jaeger-polska.pl\/wp-content\/uploads\/ISO-50001-1086x1536.png 1086w\" sizes=\"(max-width: 1280px) 100vw, 1280px\" \/>\t\t\t\t\t\t\t\t<\/a>\n\t\t\t\t\t\t\t\t\t\t\t\t\t\t\t<\/div>\n\t\t\t\t<\/div>\n\t\t\t\t<\/div>\n\t\t\t\t\t<\/div>\n\t\t\t\t<\/section>\n\t\t<section class=\"elementor-element elementor-element-32349f2 e-flex e-con-boxed e-con e-parent\" data-id=\"32349f2\" data-element_type=\"container\" data-e-type=\"container\" id=\"branchen\">\n\t\t\t\t\t<div class=\"e-con-inner\">\n\t\t<div class=\"elementor-element elementor-element-2006ba33 e-con-full e-flex e-con e-child\" data-id=\"2006ba33\" data-element_type=\"container\" data-e-type=\"container\">\n\t\t\t\t<div class=\"elementor-element elementor-element-d80e866 elementor-widget elementor-widget-heading\" data-id=\"d80e866\" data-element_type=\"widget\" data-e-type=\"widget\" data-widget_type=\"heading.default\">\n\t\t\t\t<div class=\"elementor-widget-container\">\n\t\t\t\t\t<h2 class=\"elementor-heading-title elementor-size-default\">Zero Defects Philosophy<\/h2>\t\t\t\t<\/div>\n\t\t\t\t<\/div>\n\t\t\t\t<div class=\"elementor-element elementor-element-6a9db7cd elementor-widget elementor-widget-text-editor\" data-id=\"6a9db7cd\" data-element_type=\"widget\" data-e-type=\"widget\" data-widget_type=\"text-editor.default\">\n\t\t\t\t<div class=\"elementor-widget-container\">\n\t\t\t\t\t\t\t\t\t<p>From the outset, the J\u00c4GER Group has enjoyed success thanks to its professional technical consultancy, extensive material expertise, long-term planning, rigorous quality control and excellent product development. Our product portfolio and organisational competencies have evolved alongside the specific requirements of our customers.<\/p><p>To guarantee the highest quality of processes and products, J\u00e4ger Polska consistently implements the \u2018zero defects\u2019 philosophy. In accordance with this philosophy, all sales, product development and production processes are carried out with the aim of eliminating all errors.<\/p><p>Our goal is to prevent non-compliance by properly organising and optimising processes, systematically improving staff qualifications, and continuously improving infrastructure. The effective identification and elimination of potential irregularities require constant monitoring of processes and analysis of improvement opportunities.<\/p><p>Errors can be caused by incorrectly designed or implemented processes, as well as by insufficient diligence in their implementation. Therefore, regular employee training and the development of a culture of responsibility for the quality of work performed are important elements of our strategy.<\/p><p>Systematically improving the quality of work and products significantly contributes to effectively preventing errors throughout the production process.<\/p>\t\t\t\t\t\t\t\t<\/div>\n\t\t\t\t<\/div>\n\t\t\t\t<\/div>\n\t\t\t\t\t<\/div>\n\t\t\t\t<\/section>\n\t\t<section class=\"elementor-element elementor-element-380d34c8 e-flex e-con-boxed e-con e-parent\" data-id=\"380d34c8\" data-element_type=\"container\" data-e-type=\"container\">\n\t\t\t\t\t<div class=\"e-con-inner\">\n\t\t<div class=\"elementor-element elementor-element-310acc55 e-con-full e-flex e-con e-child\" data-id=\"310acc55\" data-element_type=\"container\" data-e-type=\"container\">\n\t\t\t\t<div class=\"elementor-element elementor-element-c565a54 elementor-widget elementor-widget-heading\" data-id=\"c565a54\" data-element_type=\"widget\" data-e-type=\"widget\" data-widget_type=\"heading.default\">\n\t\t\t\t<div class=\"elementor-widget-container\">\n\t\t\t\t\t<h2 class=\"elementor-heading-title elementor-size-default\">Development and Control of Rubber Compound Formulations<\/h2>\t\t\t\t<\/div>\n\t\t\t\t<\/div>\n\t\t\t\t<div class=\"elementor-element elementor-element-685c185c elementor-widget elementor-widget-text-editor\" data-id=\"685c185c\" data-element_type=\"widget\" data-e-type=\"widget\" data-widget_type=\"text-editor.default\">\n\t\t\t\t<div class=\"elementor-widget-container\">\n\t\t\t\t\t\t\t\t\t<p><span data-teams=\"true\">A key strength of Jaeger Polska lies in our ability to develop our own materials, drawing on many years of expertise and technical know-how. To support this, we operate our own laboratory and elastomer mixing facility at one of the Jaeger Group\u2019s sites located in Hanover, where we create and refine formulations for specialised applications. This enables us to ensure optimal material properties are tailored precisely to your requirements.<\/span><\/p><p>These formulations serve as the foundation for many of the products manufactured within the J\u00c4GER Group. In addition to our in-house compound development capabilities, we also collaborate with external suppliers. This approach allows us to remain flexible and independent in our sourcing processes, ensuring the best possible solutions for our customers.<\/p>\t\t\t\t\t\t\t\t<\/div>\n\t\t\t\t<\/div>\n\t\t\t\t<\/div>\n\t\t<div class=\"elementor-element elementor-element-618b51f1 e-con-full e-flex e-con e-child\" data-id=\"618b51f1\" data-element_type=\"container\" data-e-type=\"container\">\n\t\t\t\t<div class=\"elementor-element elementor-element-2172e5 elementor-widget elementor-widget-image\" data-id=\"2172e5\" data-element_type=\"widget\" data-e-type=\"widget\" data-widget_type=\"image.default\">\n\t\t\t\t<div class=\"elementor-widget-container\">\n\t\t\t\t\t\t\t\t\t\t\t\t\t\t\t<img decoding=\"async\" width=\"850\" height=\"566\" src=\"https:\/\/jaeger-polska.pl\/wp-content\/uploads\/O-Ringe-Stockfoto-1.jpg\" class=\"attachment-large size-large wp-image-16019\" alt=\"\" srcset=\"https:\/\/jaeger-polska.pl\/wp-content\/uploads\/O-Ringe-Stockfoto-1.jpg 850w, https:\/\/jaeger-polska.pl\/wp-content\/uploads\/O-Ringe-Stockfoto-1-768x511.jpg 768w\" sizes=\"(max-width: 850px) 100vw, 850px\" \/>\t\t\t\t\t\t\t\t\t\t\t\t\t\t\t<\/div>\n\t\t\t\t<\/div>\n\t\t\t\t<\/div>\n\t\t\t\t\t<\/div>\n\t\t\t\t<\/section>\n\t\t<section class=\"elementor-element elementor-element-66616055 e-flex e-con-boxed e-con e-parent\" data-id=\"66616055\" data-element_type=\"container\" data-e-type=\"container\">\n\t\t\t\t\t<div class=\"e-con-inner\">\n\t\t<div class=\"elementor-element elementor-element-6ef6b140 e-con-full e-flex e-con e-child\" data-id=\"6ef6b140\" data-element_type=\"container\" data-e-type=\"container\">\n\t\t\t\t<div class=\"elementor-element elementor-element-1401a055 elementor-widget elementor-widget-image\" data-id=\"1401a055\" data-element_type=\"widget\" data-e-type=\"widget\" data-widget_type=\"image.default\">\n\t\t\t\t<div class=\"elementor-widget-container\">\n\t\t\t\t\t\t\t\t\t\t\t\t\t\t\t<img loading=\"lazy\" decoding=\"async\" width=\"2000\" height=\"1500\" src=\"https:\/\/jaeger-polska.pl\/wp-content\/uploads\/Prueflabor-Gryfino-1.jpg\" class=\"attachment-large size-large wp-image-15394\" alt=\"\" srcset=\"https:\/\/jaeger-polska.pl\/wp-content\/uploads\/Prueflabor-Gryfino-1.jpg 2000w, https:\/\/jaeger-polska.pl\/wp-content\/uploads\/Prueflabor-Gryfino-1-768x576.jpg 768w, https:\/\/jaeger-polska.pl\/wp-content\/uploads\/Prueflabor-Gryfino-1-1536x1152.jpg 1536w\" sizes=\"(max-width: 2000px) 100vw, 2000px\" \/>\t\t\t\t\t\t\t\t\t\t\t\t\t\t\t<\/div>\n\t\t\t\t<\/div>\n\t\t\t\t<\/div>\n\t\t<div class=\"elementor-element elementor-element-52d49ac8 e-con-full e-flex e-con e-child\" data-id=\"52d49ac8\" data-element_type=\"container\" data-e-type=\"container\">\n\t\t\t\t<div class=\"elementor-element elementor-element-20ac0c28 elementor-widget elementor-widget-heading\" data-id=\"20ac0c28\" data-element_type=\"widget\" data-e-type=\"widget\" data-widget_type=\"heading.default\">\n\t\t\t\t<div class=\"elementor-widget-container\">\n\t\t\t\t\t<h2 class=\"elementor-heading-title elementor-size-default\">Quality Is Our Highest Priority<\/h2>\t\t\t\t<\/div>\n\t\t\t\t<\/div>\n\t\t\t\t<div class=\"elementor-element elementor-element-5f902515 elementor-widget elementor-widget-text-editor\" data-id=\"5f902515\" data-element_type=\"widget\" data-e-type=\"widget\" data-widget_type=\"text-editor.default\">\n\t\t\t\t<div class=\"elementor-widget-container\">\n\t\t\t\t\t\t\t\t\t<p>To ensure the highest standards, we operate our own in-house testing and research facilities. These enable us to continuously monitor, verify, and maintain the quality and functionality of our products and solutions.<\/p>\t\t\t\t\t\t\t\t<\/div>\n\t\t\t\t<\/div>\n\t\t\t\t<div class=\"elementor-element elementor-element-6fc0726 elementor-align-start elementor-widget-mobile__width-inherit elementor-icon-list--layout-traditional elementor-list-item-link-full_width elementor-widget elementor-widget-icon-list\" data-id=\"6fc0726\" data-element_type=\"widget\" data-e-type=\"widget\" data-widget_type=\"icon-list.default\">\n\t\t\t\t<div class=\"elementor-widget-container\">\n\t\t\t\t\t\t\t<ul class=\"elementor-icon-list-items\">\n\t\t\t\t\t\t\t<li class=\"elementor-icon-list-item\">\n\t\t\t\t\t\t\t\t\t\t<span class=\"elementor-icon-list-text\">Our equipment includes:<\/span>\n\t\t\t\t\t\t\t\t\t<\/li>\n\t\t\t\t\t\t\t\t<li class=\"elementor-icon-list-item\">\n\t\t\t\t\t\t\t\t\t\t\t<span class=\"elementor-icon-list-icon\">\n\t\t\t\t\t\t\t<i aria-hidden=\"true\" class=\"fas fa-check\"><\/i>\t\t\t\t\t\t<\/span>\n\t\t\t\t\t\t\t\t\t\t<span class=\"elementor-icon-list-text\">3D measuring device T-SCAN Hawk 2<\/span>\n\t\t\t\t\t\t\t\t\t<\/li>\n\t\t\t\t\t\t\t\t<li class=\"elementor-icon-list-item\">\n\t\t\t\t\t\t\t\t\t\t\t<span class=\"elementor-icon-list-icon\">\n\t\t\t\t\t\t\t<i aria-hidden=\"true\" class=\"fas fa-check\"><\/i>\t\t\t\t\t\t<\/span>\n\t\t\t\t\t\t\t\t\t\t<span class=\"elementor-icon-list-text\">3D measuring system Hexagon Optiv Classic<\/span>\n\t\t\t\t\t\t\t\t\t<\/li>\n\t\t\t\t\t\t\t\t<li class=\"elementor-icon-list-item\">\n\t\t\t\t\t\t\t\t\t\t\t<span class=\"elementor-icon-list-icon\">\n\t\t\t\t\t\t\t<i aria-hidden=\"true\" class=\"fas fa-check\"><\/i>\t\t\t\t\t\t<\/span>\n\t\t\t\t\t\t\t\t\t\t<span class=\"elementor-icon-list-text\">Zwick Roell Z030 30 kN tensile testing machine<\/span>\n\t\t\t\t\t\t\t\t\t<\/li>\n\t\t\t\t\t\t\t\t<li class=\"elementor-icon-list-item\">\n\t\t\t\t\t\t\t\t\t\t\t<span class=\"elementor-icon-list-icon\">\n\t\t\t\t\t\t\t<i aria-hidden=\"true\" class=\"fas fa-check\"><\/i>\t\t\t\t\t\t<\/span>\n\t\t\t\t\t\t\t\t\t\t<span class=\"elementor-icon-list-text\">Mitutoyo PJ-A3000 profile projector<\/span>\n\t\t\t\t\t\t\t\t\t<\/li>\n\t\t\t\t\t\t\t\t<li class=\"elementor-icon-list-item\">\n\t\t\t\t\t\t\t\t\t\t\t<span class=\"elementor-icon-list-icon\">\n\t\t\t\t\t\t\t<i aria-hidden=\"true\" class=\"fas fa-check\"><\/i>\t\t\t\t\t\t<\/span>\n\t\t\t\t\t\t\t\t\t\t<span class=\"elementor-icon-list-text\">TAI MDR One rheometer<\/span>\n\t\t\t\t\t\t\t\t\t<\/li>\n\t\t\t\t\t\t\t\t<li class=\"elementor-icon-list-item\">\n\t\t\t\t\t\t\t\t\t\t\t<span class=\"elementor-icon-list-icon\">\n\t\t\t\t\t\t\t<i aria-hidden=\"true\" class=\"fas fa-check\"><\/i>\t\t\t\t\t\t<\/span>\n\t\t\t\t\t\t\t\t\t\t<span class=\"elementor-icon-list-text\">Spectro2guide color and gloss meter<\/span>\n\t\t\t\t\t\t\t\t\t<\/li>\n\t\t\t\t\t\t\t\t<li class=\"elementor-icon-list-item\">\n\t\t\t\t\t\t\t\t\t\t\t<span class=\"elementor-icon-list-icon\">\n\t\t\t\t\t\t\t<i aria-hidden=\"true\" class=\"fas fa-check\"><\/i>\t\t\t\t\t\t<\/span>\n\t\t\t\t\t\t\t\t\t\t<span class=\"elementor-icon-list-text\">Other standard measuring instruments<\/span>\n\t\t\t\t\t\t\t\t\t<\/li>\n\t\t\t\t\t\t<\/ul>\n\t\t\t\t\t\t<\/div>\n\t\t\t\t<\/div>\n\t\t\t\t<\/div>\n\t\t\t\t\t<\/div>\n\t\t\t\t<\/section>\n\t\t\t\t<\/div>\n\t\t","protected":false},"excerpt":{"rendered":"<p>Our Quality Standards At our company, delivering the highest standards of quality is at the heart of everything we do. This commitment is reflected at every stage of our processes and across all areas of production. We believe that responsible and independent action is built on a strong foundation of technical expertise, business acumen, and [&hellip;]<\/p>\n","protected":false},"author":3,"featured_media":0,"parent":15223,"menu_order":0,"comment_status":"closed","ping_status":"closed","template":"elementor_header_footer","meta":{"_acf_changed":false,"inline_featured_image":false,"footnotes":""},"class_list":["post-14041","page","type-page","status-publish","hentry"],"acf":[],"_links":{"self":[{"href":"https:\/\/jaeger-polska.pl\/en\/wp-json\/wp\/v2\/pages\/14041","targetHints":{"allow":["GET"]}}],"collection":[{"href":"https:\/\/jaeger-polska.pl\/en\/wp-json\/wp\/v2\/pages"}],"about":[{"href":"https:\/\/jaeger-polska.pl\/en\/wp-json\/wp\/v2\/types\/page"}],"author":[{"embeddable":true,"href":"https:\/\/jaeger-polska.pl\/en\/wp-json\/wp\/v2\/users\/3"}],"replies":[{"embeddable":true,"href":"https:\/\/jaeger-polska.pl\/en\/wp-json\/wp\/v2\/comments?post=14041"}],"version-history":[{"count":18,"href":"https:\/\/jaeger-polska.pl\/en\/wp-json\/wp\/v2\/pages\/14041\/revisions"}],"predecessor-version":[{"id":16025,"href":"https:\/\/jaeger-polska.pl\/en\/wp-json\/wp\/v2\/pages\/14041\/revisions\/16025"}],"up":[{"embeddable":true,"href":"https:\/\/jaeger-polska.pl\/en\/wp-json\/wp\/v2\/pages\/15223"}],"wp:attachment":[{"href":"https:\/\/jaeger-polska.pl\/en\/wp-json\/wp\/v2\/media?parent=14041"}],"curies":[{"name":"wp","href":"https:\/\/api.w.org\/{rel}","templated":true}]}}